{"id":169,"date":"2025-12-27T13:47:18","date_gmt":"2025-12-27T13:47:18","guid":{"rendered":"https:\/\/shikamarusl.es\/allgemeine-geschaeftsbedingungen\/"},"modified":"2026-01-11T21:22:23","modified_gmt":"2026-01-11T21:22:23","slug":"allgemeine-geschaeftsbedingungen","status":"publish","type":"page","link":"https:\/\/shikamarusl.es\/de\/allgemeine-geschaeftsbedingungen\/","title":{"rendered":"Allgemeine Gesch\u00e4ftsbedingungen"},"content":{"rendered":"\t\t<div data-elementor-type=\"wp-page\" data-elementor-id=\"169\" class=\"elementor elementor-169 elementor-104\">\n\t\t\t\t<div class=\"elementor-element elementor-element-16be5d7e e-flex e-con-boxed e-con e-parent\" data-id=\"16be5d7e\" data-element_type=\"container\" data-settings=\"{&quot;jet_parallax_layout_list&quot;:[]}\">\n\t\t\t\t\t<div class=\"e-con-inner\">\n\t\t\t\t<div class=\"elementor-element elementor-element-5c80180 elementor-widget elementor-widget-heading\" data-id=\"5c80180\" data-element_type=\"widget\" data-widget_type=\"heading.default\">\n\t\t\t\t\t<h1 class=\"elementor-heading-title elementor-size-default\">Allgemeine Gesch\u00e4ftsbedingungen<\/h1>\t\t\t\t<\/div>\n\t\t\t\t<div class=\"elementor-element elementor-element-76eeb009 elementor-widget__width-inherit elementor-widget elementor-widget-text-editor\" data-id=\"76eeb009\" data-element_type=\"widget\" data-widget_type=\"text-editor.default\">\n\t\t\t\t\t\t\t\t\t\n<p>Letzte Aktualisierung: Dezember 2025<\/p>\n\n\n\n<p>1. Einleitung<\/p>\n\n\n\n<p>Diese Allgemeinen Gesch\u00e4ftsbedingungen regeln die Nutzung von https:\/\/shikamarusl.es\/.<\/p>\n\n\n\n<p>Firmendetails:<\/p>\n\n\n\n<p>Firmenname: SHIKAMARU SL<\/p>\n\n\n\n<p>CIF\/NIF: B44634822<\/p>\n\n\n\n<p>Eingetragene Adresse: Paseo de la Castellana 257, Torre Sur, 28046 Madrid, Spanien<\/p>\n\n\n\n<p>E-Mail: info@shikamarusl.es<\/p>\n\n\n\n<p>2. Nutzung der Website<\/p>\n\n\n\n<p>Die Website muss rechtm\u00e4\u00dfig und verantwortungsbewusst genutzt werden.<\/p>\n\n\n\n<p>3. Geistiges Eigentum<\/p>\n\n\n\n<p>Alle Inhalte sind Eigentum von SHIKAMARU SL, sofern nicht anders angegeben.<\/p>\n\n\n\n<p>4. Dienstleistungen<\/p>\n\n\n\n<p>Dienstleistungen k\u00f6nnen ohne Vorank\u00fcndigung ge\u00e4ndert oder eingestellt werden.<\/p>\n\n\n\n<p>5. Haftungsausschluss<\/p>\n\n\n\n<p>Die Nutzung der Website erfolgt auf eigene Gefahr.<\/p>\n\n\n\n<p>6. Geltendes Recht<\/p>\n\n\n\n<p>Diese Bedingungen unterliegen spanischem Recht. Gerichtsstand: Madrid, Spanien. <\/p>\n\n\n\n<p>7. Kontakt<\/p>\n\n\n\n<p>F\u00fcr rechtliche Anfragen:<\/p>\n\n\n\n<p>info@shikamarusl.es<\/p>\n\t\t\t\t\t\t\t\t<\/div>\n\t\t\t\t\t<\/div>\n\t\t\t\t<\/div>\n\t\t\t\t<\/div>\n\t\t","protected":false},"excerpt":{"rendered":"<p>Allgemeine Gesch\u00e4ftsbedingungen Letzte Aktualisierung: Dezember 2025 1. Einleitung Diese Allgemeinen Gesch\u00e4ftsbedingungen regeln die Nutzung von https:\/\/shikamarusl.es\/. Firmendetails: Firmenname: SHIKAMARU SL CIF\/NIF: B44634822 Eingetragene Adresse: Paseo de la Castellana 257, Torre Sur, 28046 Madrid, Spanien E-Mail: info@shikamarusl.es 2. Nutzung der Website Die Website muss rechtm\u00e4\u00dfig und verantwortungsbewusst genutzt werden. 3. Geistiges Eigentum Alle Inhalte sind Eigentum [&hellip;]<\/p>\n","protected":false},"author":1,"featured_media":0,"parent":0,"menu_order":0,"comment_status":"closed","ping_status":"closed","template":"","meta":{"footnotes":""},"class_list":["post-169","page","type-page","status-publish","hentry"],"_links":{"self":[{"href":"https:\/\/shikamarusl.es\/de\/wp-json\/wp\/v2\/pages\/169","targetHints":{"allow":["GET"]}}],"collection":[{"href":"https:\/\/shikamarusl.es\/de\/wp-json\/wp\/v2\/pages"}],"about":[{"href":"https:\/\/shikamarusl.es\/de\/wp-json\/wp\/v2\/types\/page"}],"author":[{"embeddable":true,"href":"https:\/\/shikamarusl.es\/de\/wp-json\/wp\/v2\/users\/1"}],"replies":[{"embeddable":true,"href":"https:\/\/shikamarusl.es\/de\/wp-json\/wp\/v2\/comments?post=169"}],"version-history":[{"count":3,"href":"https:\/\/shikamarusl.es\/de\/wp-json\/wp\/v2\/pages\/169\/revisions"}],"predecessor-version":[{"id":175,"href":"https:\/\/shikamarusl.es\/de\/wp-json\/wp\/v2\/pages\/169\/revisions\/175"}],"wp:attachment":[{"href":"https:\/\/shikamarusl.es\/de\/wp-json\/wp\/v2\/media?parent=169"}],"curies":[{"name":"wp","href":"https:\/\/api.w.org\/{rel}","templated":true}]}}