{"id":171,"date":"2025-12-17T15:30:17","date_gmt":"2025-12-17T15:30:17","guid":{"rendered":"https:\/\/shikamarusl.es\/datenschutzbestimmungen\/"},"modified":"2026-01-11T21:22:31","modified_gmt":"2026-01-11T21:22:31","slug":"datenschutzbestimmungen","status":"publish","type":"page","link":"https:\/\/shikamarusl.es\/de\/datenschutzbestimmungen\/","title":{"rendered":"Datenschutzbestimmungen"},"content":{"rendered":"\t\t<div data-elementor-type=\"wp-page\" data-elementor-id=\"171\" class=\"elementor elementor-171 elementor-91\">\n\t\t\t\t<div class=\"elementor-element elementor-element-a19e38d e-flex e-con-boxed e-con e-parent\" data-id=\"a19e38d\" data-element_type=\"container\" data-settings=\"{&quot;jet_parallax_layout_list&quot;:[]}\">\n\t\t\t\t\t<div class=\"e-con-inner\">\n\t\t\t\t<div class=\"elementor-element elementor-element-1e5ac18 elementor-widget elementor-widget-heading\" data-id=\"1e5ac18\" data-element_type=\"widget\" data-widget_type=\"heading.default\">\n\t\t\t\t\t<h1 class=\"elementor-heading-title elementor-size-default\">Datenschutzbestimmungen<\/h1>\t\t\t\t<\/div>\n\t\t\t\t<div class=\"elementor-element elementor-element-f60bc93 elementor-widget-tablet__width-inherit elementor-widget elementor-widget-text-editor\" data-id=\"f60bc93\" data-element_type=\"widget\" data-widget_type=\"text-editor.default\">\n\t\t\t\t\t\t\t\t\t<p>Letzte Aktualisierung: Dezember 2025<\/p><p>1. Einleitung<\/p><p>Willkommen bei SHIKAMARU SL (\u201ewir\u201c, \u201eunser\u201c, \u201euns\u201c). Wir respektieren Ihre Privatsph\u00e4re und verpflichten uns, Ihre pers\u00f6nlichen Daten zu sch\u00fctzen. Diese Datenschutzerkl\u00e4rung erl\u00e4utert, wie wir Informationen \u00fcber Sie erfassen, verwenden, weitergeben und sch\u00fctzen, wenn Sie unsere Website besuchen, uns kontaktieren, unsere Dienste nutzen oder in irgendeiner Form mit uns interagieren.<\/p><p>Firmendetails:<\/p><p>Firmenname: SHIKAMARU SL<\/p><p>Rechtsform: Sociedad Limitada (Gesellschaft mit beschr\u00e4nkter Haftung)<\/p><p>Steueridentifikationsnummer (NIF): B44634822<\/p><p>Eingetragene Adresse: Paseo De La Castellana 257, Torre Sur, 28046 Madrid, Spanien<\/p><p>Verwalter: Oscar Valdivia Ruiz<\/p><p>2. Personenbezogene Daten, die wir erfassen<\/p><p>Wir k\u00f6nnen Kontaktinformationen, technische Daten und Kommunikationsdaten erfassen, die von Nutzern freiwillig bereitgestellt werden.<\/p><p>3. Wie wir Ihre Daten verwenden<\/p><p>Wir verwenden personenbezogene Daten, um Dienstleistungen zu erbringen, Anfragen zu beantworten, gesetzliche Verpflichtungen zu erf\u00fcllen und unser Angebot zu verbessern.<\/p><p>4. Rechtsgrundlage f\u00fcr die Verarbeitung<\/p><p>Die Verarbeitung basiert auf Einwilligung, vertraglicher Notwendigkeit, rechtlichen Verpflichtungen oder berechtigten Interessen.<\/p><p>5. Datenweitergabe<\/p><p>Wir verkaufen keine personenbezogenen Daten. Daten k\u00f6nnen bei Bedarf an Dienstleister oder Beh\u00f6rden weitergegeben werden.<\/p><p>6. Datensicherheit<\/p><p>Es werden geeignete technische und organisatorische Ma\u00dfnahmen angewendet, um Daten zu sch\u00fctzen.<\/p><p>7. Datenspeicherung<\/p><p>Daten werden nur so lange gespeichert, wie es f\u00fcr rechtliche oder gesch\u00e4ftliche Zwecke erforderlich ist.<\/p><p>8. Ihre Rechte<\/p><p>Sie haben das Recht auf Auskunft, Berichtigung, L\u00f6schung oder Einschr\u00e4nkung der Verarbeitung Ihrer Daten.<\/p><p>9. Cookies<\/p><p>Cookies k\u00f6nnen f\u00fcr Analysen und Funktionalit\u00e4t verwendet werden. Sie k\u00f6nnen Cookies \u00fcber die Browsereinstellungen verwalten.<\/p><p>10. Kontakt<\/p><p>SHIKAMARU SL<\/p><p>Paseo De La Castellana 257, Torre Sur, 28046 Madrid, Spanien<\/p><p>11. Aktualisierungen der Richtlinien<\/p><p>Diese Richtlinie kann regelm\u00e4\u00dfig aktualisiert werden.<\/p>\t\t\t\t\t\t\t\t<\/div>\n\t\t\t\t\t<\/div>\n\t\t\t\t<\/div>\n\t\t\t\t<\/div>\n\t\t","protected":false},"excerpt":{"rendered":"<p>Datenschutzbestimmungen Letzte Aktualisierung: Dezember 2025 1. Einleitung Willkommen bei SHIKAMARU SL (\u201ewir\u201c, \u201eunser\u201c, \u201euns\u201c). Wir respektieren Ihre Privatsph\u00e4re und verpflichten uns, Ihre pers\u00f6nlichen Daten zu sch\u00fctzen. Diese Datenschutzerkl\u00e4rung erl\u00e4utert, wie wir Informationen \u00fcber Sie erfassen, verwenden, weitergeben und sch\u00fctzen, wenn Sie unsere Website besuchen, uns kontaktieren, unsere Dienste nutzen oder in irgendeiner Form mit uns [&hellip;]<\/p>\n","protected":false},"author":1,"featured_media":0,"parent":0,"menu_order":0,"comment_status":"closed","ping_status":"closed","template":"","meta":{"footnotes":""},"class_list":["post-171","page","type-page","status-publish","hentry"],"_links":{"self":[{"href":"https:\/\/shikamarusl.es\/de\/wp-json\/wp\/v2\/pages\/171","targetHints":{"allow":["GET"]}}],"collection":[{"href":"https:\/\/shikamarusl.es\/de\/wp-json\/wp\/v2\/pages"}],"about":[{"href":"https:\/\/shikamarusl.es\/de\/wp-json\/wp\/v2\/types\/page"}],"author":[{"embeddable":true,"href":"https:\/\/shikamarusl.es\/de\/wp-json\/wp\/v2\/users\/1"}],"replies":[{"embeddable":true,"href":"https:\/\/shikamarusl.es\/de\/wp-json\/wp\/v2\/comments?post=171"}],"version-history":[{"count":1,"href":"https:\/\/shikamarusl.es\/de\/wp-json\/wp\/v2\/pages\/171\/revisions"}],"predecessor-version":[{"id":172,"href":"https:\/\/shikamarusl.es\/de\/wp-json\/wp\/v2\/pages\/171\/revisions\/172"}],"wp:attachment":[{"href":"https:\/\/shikamarusl.es\/de\/wp-json\/wp\/v2\/media?parent=171"}],"curies":[{"name":"wp","href":"https:\/\/api.w.org\/{rel}","templated":true}]}}