{"id":180,"date":"2025-12-17T15:30:30","date_gmt":"2025-12-17T15:30:30","guid":{"rendered":"https:\/\/shikamarusl.es\/cookie-richtlinie\/"},"modified":"2026-01-11T21:22:32","modified_gmt":"2026-01-11T21:22:32","slug":"cookie-richtlinie","status":"publish","type":"page","link":"https:\/\/shikamarusl.es\/de\/cookie-richtlinie\/","title":{"rendered":"Cookie-Richtlinie"},"content":{"rendered":"\t\t<div data-elementor-type=\"wp-page\" data-elementor-id=\"180\" class=\"elementor elementor-180 elementor-93\">\n\t\t\t\t<div class=\"elementor-element elementor-element-3701cab9 e-flex e-con-boxed e-con e-parent\" data-id=\"3701cab9\" data-element_type=\"container\" data-settings=\"{&quot;jet_parallax_layout_list&quot;:[]}\">\n\t\t\t\t\t<div class=\"e-con-inner\">\n\t\t\t\t<div class=\"elementor-element elementor-element-145b91e elementor-widget elementor-widget-heading\" data-id=\"145b91e\" data-element_type=\"widget\" data-widget_type=\"heading.default\">\n\t\t\t\t\t<h1 class=\"elementor-heading-title elementor-size-default\">Cookie-Richtlinie<\/h1>\t\t\t\t<\/div>\n\t\t\t\t<div class=\"elementor-element elementor-element-24be09ed elementor-widget elementor-widget-text-editor\" data-id=\"24be09ed\" data-element_type=\"widget\" data-widget_type=\"text-editor.default\">\n\t\t\t\t\t\t\t\t\t\n<p>Letzte Aktualisierung: Dezember 2025<\/p>\n\n\n\n<p>1. Einleitung<\/p>\n\n\n\n<p>In dieser Cookie-Richtlinie wird erl\u00e4utert, wie SHIKAMARU SL (\u201ewir\u201c, \u201eunser\u201c, \u201euns\u201c) Cookies und \u00e4hnliche Technologien auf der Website https:\/\/shikamarusl.es\/ verwendet.<\/p>\n\n\n\n<p>Firmendetails:<\/p>\n\n\n\n<p>Firmenname: SHIKAMARU SL<\/p>\n\n\n\n<p>CIF\/NIF: B44634822<\/p>\n\n\n\n<p>Eingetragene Adresse: Paseo de la Castellana 257, Torre Sur, 28046 Madrid, Spanien<\/p>\n\n\n\n<p>E-Mail: info@shikamarusl.es<\/p>\n\n\n\n<p>2. Was sind Cookies?<\/p>\n\n\n\n<p>Cookies sind kleine Textdateien, die auf Ihrem Ger\u00e4t gespeichert werden, wenn Sie eine Website besuchen.<\/p>\n\n\n\n<p>3. Arten von Cookies, die wir verwenden<\/p>\n\n\n\n<p>&#8211; Essentielle Cookies<\/p>\n\n\n\n<p>&#8211; Analyse- und Performance-Cookies<\/p>\n\n\n\n<p>&#8211; Funktionelle Cookies<\/p>\n\n\n\n<p>&#8211; Werbe-Cookies<\/p>\n\n\n\n<p>4. Verwalten von Cookies<\/p>\n\n\n\n<p>Sie k\u00f6nnen Cookies \u00fcber Ihre Browsereinstellungen verwalten oder deaktivieren.<\/p>\n\n\n\n<p>5. Cookies von Drittanbietern<\/p>\n\n\n\n<p>Drittanbieterdienste (z. B. Analyseanbieter) k\u00f6nnen Cookies gem\u00e4\u00df ihren eigenen Richtlinien platzieren.<\/p>\n\n\n\n<p>6. \u00c4nderungen an dieser Richtlinie<\/p>\n\n\n\n<p>Diese Richtlinie kann regelm\u00e4\u00dfig aktualisiert werden.<\/p>\n\n\n\n<p>7. Kontakt<\/p>\n\n\n\n<p>Bei Fragen zu Cookies:<\/p>\n\n\n\n<p>info@shikamarusl.es<\/p>\n\t\t\t\t\t\t\t\t<\/div>\n\t\t\t\t\t<\/div>\n\t\t\t\t<\/div>\n\t\t\t\t<\/div>\n\t\t","protected":false},"excerpt":{"rendered":"<p>Cookie-Richtlinie Letzte Aktualisierung: Dezember 2025 1. Einleitung In dieser Cookie-Richtlinie wird erl\u00e4utert, wie SHIKAMARU SL (\u201ewir\u201c, \u201eunser\u201c, \u201euns\u201c) Cookies und \u00e4hnliche Technologien auf der Website https:\/\/shikamarusl.es\/ verwendet. Firmendetails: Firmenname: SHIKAMARU SL CIF\/NIF: B44634822 Eingetragene Adresse: Paseo de la Castellana 257, Torre Sur, 28046 Madrid, Spanien E-Mail: info@shikamarusl.es 2. Was sind Cookies? Cookies sind kleine Textdateien, [&hellip;]<\/p>\n","protected":false},"author":1,"featured_media":0,"parent":0,"menu_order":0,"comment_status":"closed","ping_status":"closed","template":"","meta":{"footnotes":""},"class_list":["post-180","page","type-page","status-publish","hentry"],"_links":{"self":[{"href":"https:\/\/shikamarusl.es\/de\/wp-json\/wp\/v2\/pages\/180","targetHints":{"allow":["GET"]}}],"collection":[{"href":"https:\/\/shikamarusl.es\/de\/wp-json\/wp\/v2\/pages"}],"about":[{"href":"https:\/\/shikamarusl.es\/de\/wp-json\/wp\/v2\/types\/page"}],"author":[{"embeddable":true,"href":"https:\/\/shikamarusl.es\/de\/wp-json\/wp\/v2\/users\/1"}],"replies":[{"embeddable":true,"href":"https:\/\/shikamarusl.es\/de\/wp-json\/wp\/v2\/comments?post=180"}],"version-history":[{"count":5,"href":"https:\/\/shikamarusl.es\/de\/wp-json\/wp\/v2\/pages\/180\/revisions"}],"predecessor-version":[{"id":191,"href":"https:\/\/shikamarusl.es\/de\/wp-json\/wp\/v2\/pages\/180\/revisions\/191"}],"wp:attachment":[{"href":"https:\/\/shikamarusl.es\/de\/wp-json\/wp\/v2\/media?parent=180"}],"curies":[{"name":"wp","href":"https:\/\/api.w.org\/{rel}","templated":true}]}}