{"id":176,"date":"2025-12-17T15:30:30","date_gmt":"2025-12-17T15:30:30","guid":{"rendered":"https:\/\/shikamarusl.es\/politica-de-cookies\/"},"modified":"2026-01-11T21:22:32","modified_gmt":"2026-01-11T21:22:32","slug":"politica-de-cookies","status":"publish","type":"page","link":"https:\/\/shikamarusl.es\/es\/politica-de-cookies\/","title":{"rendered":"Pol\u00edtica de cookies"},"content":{"rendered":"\t\t<div data-elementor-type=\"wp-page\" data-elementor-id=\"176\" class=\"elementor elementor-176 elementor-93\">\n\t\t\t\t<div class=\"elementor-element elementor-element-3701cab9 e-flex e-con-boxed e-con e-parent\" data-id=\"3701cab9\" data-element_type=\"container\" data-settings=\"{&quot;jet_parallax_layout_list&quot;:[]}\">\n\t\t\t\t\t<div class=\"e-con-inner\">\n\t\t\t\t<div class=\"elementor-element elementor-element-145b91e elementor-widget elementor-widget-heading\" data-id=\"145b91e\" data-element_type=\"widget\" data-widget_type=\"heading.default\">\n\t\t\t\t\t<h1 class=\"elementor-heading-title elementor-size-default\">Pol\u00edtica de cookies<\/h1>\t\t\t\t<\/div>\n\t\t\t\t<div class=\"elementor-element elementor-element-24be09ed elementor-widget elementor-widget-text-editor\" data-id=\"24be09ed\" data-element_type=\"widget\" data-widget_type=\"text-editor.default\">\n\t\t\t\t\t\t\t\t\t\n<p>\u00daltima actualizaci\u00f3n: diciembre de 2025<\/p>\n\n\n\n<p>1. Introducci\u00f3n<\/p>\n\n\n\n<p>Esta Pol\u00edtica de cookies explica c\u00f3mo SHIKAMARU SL (\u201cnosotros\u201d, \u201cnuestro\u201d, \u201cnos\u201d) utiliza cookies y tecnolog\u00edas similares en el sitio web https:\/\/shikamarusl.es\/.<\/p>\n\n\n\n<p>Datos de la empresa:<\/p>\n\n\n\n<p>Nombre de la empresa: SHIKAMARU SL<\/p>\n\n\n\n<p>CIF\/NIF: B44634822<\/p>\n\n\n\n<p>Direcci\u00f3n registrada: Paseo de la Castellana 257, Torre Sur, 28046 Madrid, Espa\u00f1a<\/p>\n\n\n\n<p>Correo electr\u00f3nico: info@shikamarusl.es<\/p>\n\n\n\n<p>2. \u00bfQu\u00e9 son las cookies?<\/p>\n\n\n\n<p>Las cookies son peque\u00f1os archivos de texto que se almacenan en su dispositivo cuando visita un sitio web.<\/p>\n\n\n\n<p>3. Tipos de cookies que utilizamos<\/p>\n\n\n\n<p>&#8211; Cookies esenciales<\/p>\n\n\n\n<p>&#8211; Cookies de an\u00e1lisis y rendimiento<\/p>\n\n\n\n<p>&#8211; Cookies funcionales<\/p>\n\n\n\n<p>&#8211; Cookies publicitarias<\/p>\n\n\n\n<p>4. Gesti\u00f3n de cookies<\/p>\n\n\n\n<p>Puede gestionar o desactivar las cookies a trav\u00e9s de la configuraci\u00f3n de su navegador.<\/p>\n\n\n\n<p>5. Cookies de terceros<\/p>\n\n\n\n<p>Los servicios de terceros (por ejemplo, los proveedores de an\u00e1lisis) pueden colocar cookies sujetas a sus propias pol\u00edticas.<\/p>\n\n\n\n<p>6. Cambios en esta pol\u00edtica<\/p>\n\n\n\n<p>Esta pol\u00edtica puede actualizarse peri\u00f3dicamente.<\/p>\n\n\n\n<p>7. Contacto<\/p>\n\n\n\n<p>Si tiene preguntas relacionadas con las cookies:<\/p>\n\n\n\n<p>info@shikamarusl.es<\/p>\n\t\t\t\t\t\t\t\t<\/div>\n\t\t\t\t\t<\/div>\n\t\t\t\t<\/div>\n\t\t\t\t<\/div>\n\t\t","protected":false},"excerpt":{"rendered":"<p>Pol\u00edtica de cookies \u00daltima actualizaci\u00f3n: diciembre de 2025 1. Introducci\u00f3n Esta Pol\u00edtica de cookies explica c\u00f3mo SHIKAMARU SL (\u201cnosotros\u201d, \u201cnuestro\u201d, \u201cnos\u201d) utiliza cookies y tecnolog\u00edas similares en el sitio web https:\/\/shikamarusl.es\/. Datos de la empresa: Nombre de la empresa: SHIKAMARU SL CIF\/NIF: B44634822 Direcci\u00f3n registrada: Paseo de la Castellana 257, Torre Sur, 28046 Madrid, Espa\u00f1a [&hellip;]<\/p>\n","protected":false},"author":1,"featured_media":0,"parent":0,"menu_order":0,"comment_status":"closed","ping_status":"closed","template":"","meta":{"footnotes":""},"class_list":["post-176","page","type-page","status-publish","hentry"],"_links":{"self":[{"href":"https:\/\/shikamarusl.es\/es\/wp-json\/wp\/v2\/pages\/176","targetHints":{"allow":["GET"]}}],"collection":[{"href":"https:\/\/shikamarusl.es\/es\/wp-json\/wp\/v2\/pages"}],"about":[{"href":"https:\/\/shikamarusl.es\/es\/wp-json\/wp\/v2\/types\/page"}],"author":[{"embeddable":true,"href":"https:\/\/shikamarusl.es\/es\/wp-json\/wp\/v2\/users\/1"}],"replies":[{"embeddable":true,"href":"https:\/\/shikamarusl.es\/es\/wp-json\/wp\/v2\/comments?post=176"}],"version-history":[{"count":7,"href":"https:\/\/shikamarusl.es\/es\/wp-json\/wp\/v2\/pages\/176\/revisions"}],"predecessor-version":[{"id":189,"href":"https:\/\/shikamarusl.es\/es\/wp-json\/wp\/v2\/pages\/176\/revisions\/189"}],"wp:attachment":[{"href":"https:\/\/shikamarusl.es\/es\/wp-json\/wp\/v2\/media?parent=176"}],"curies":[{"name":"wp","href":"https:\/\/api.w.org\/{rel}","templated":true}]}}