{"id":186,"date":"2025-12-27T13:47:18","date_gmt":"2025-12-27T13:47:18","guid":{"rendered":"https:\/\/shikamarusl.es\/terminos-y-condiciones\/"},"modified":"2026-01-11T21:22:32","modified_gmt":"2026-01-11T21:22:32","slug":"terminos-y-condiciones","status":"publish","type":"page","link":"https:\/\/shikamarusl.es\/es\/terminos-y-condiciones\/","title":{"rendered":"T\u00e9rminos y condiciones"},"content":{"rendered":"\t\t<div data-elementor-type=\"wp-page\" data-elementor-id=\"186\" class=\"elementor elementor-186 elementor-104\">\n\t\t\t\t<div class=\"elementor-element elementor-element-16be5d7e e-flex e-con-boxed e-con e-parent\" data-id=\"16be5d7e\" data-element_type=\"container\" data-settings=\"{&quot;jet_parallax_layout_list&quot;:[]}\">\n\t\t\t\t\t<div class=\"e-con-inner\">\n\t\t\t\t<div class=\"elementor-element elementor-element-5c80180 elementor-widget elementor-widget-heading\" data-id=\"5c80180\" data-element_type=\"widget\" data-widget_type=\"heading.default\">\n\t\t\t\t\t<h1 class=\"elementor-heading-title elementor-size-default\">T\u00e9rminos y condiciones<\/h1>\t\t\t\t<\/div>\n\t\t\t\t<div class=\"elementor-element elementor-element-76eeb009 elementor-widget__width-inherit elementor-widget elementor-widget-text-editor\" data-id=\"76eeb009\" data-element_type=\"widget\" data-widget_type=\"text-editor.default\">\n\t\t\t\t\t\t\t\t\t\n<p>\u00daltima actualizaci\u00f3n: diciembre de 2025<\/p>\n\n\n\n<p>1. Introducci\u00f3n<\/p>\n\n\n\n<p>Los presentes t\u00e9rminos y condiciones rigen el uso de https:\/\/shikamarusl.es\/.<\/p>\n\n\n\n<p>Datos de la empresa:<\/p>\n\n\n\n<p>Nombre de la empresa: SHIKAMARU SL<\/p>\n\n\n\n<p>CIF\/NIF: B44634822<\/p>\n\n\n\n<p>Domicilio social: Paseo de la Castellana 257, Torre Sur, 28046 Madrid, Espa\u00f1a<\/p>\n\n\n\n<p>Correo electr\u00f3nico: info@shikamarusl.es<\/p>\n\n\n\n<p>2. Uso del sitio web<\/p>\n\n\n\n<p>El sitio web debe utilizarse de forma l\u00edcita y responsable.<\/p>\n\n\n\n<p>3. Propiedad intelectual<\/p>\n\n\n\n<p>Todo el contenido es propiedad de SHIKAMARU SL, a menos que se indique lo contrario.<\/p>\n\n\n\n<p>4. Servicios<\/p>\n\n\n\n<p>Los servicios pueden ser modificados o interrumpidos sin previo aviso.<\/p>\n\n\n\n<p>5. Exenci\u00f3n de responsabilidad<\/p>\n\n\n\n<p>El uso del sitio web se realiza por su cuenta y riesgo.<\/p>\n\n\n\n<p>6. Legislaci\u00f3n aplicable<\/p>\n\n\n\n<p>Estos t\u00e9rminos se rigen por la legislaci\u00f3n espa\u00f1ola. Jurisdicci\u00f3n: Madrid, Espa\u00f1a.<\/p>\n\n\n\n<p>7. Contacto<\/p>\n\n\n\n<p>Para consultas legales:<\/p>\n\n\n\n<p>info@shikamarusl.es<\/p>\n\t\t\t\t\t\t\t\t<\/div>\n\t\t\t\t\t<\/div>\n\t\t\t\t<\/div>\n\t\t\t\t<\/div>\n\t\t","protected":false},"excerpt":{"rendered":"<p>T\u00e9rminos y condiciones \u00daltima actualizaci\u00f3n: diciembre de 2025 1. Introducci\u00f3n Los presentes t\u00e9rminos y condiciones rigen el uso de https:\/\/shikamarusl.es\/. Datos de la empresa: Nombre de la empresa: SHIKAMARU SL CIF\/NIF: B44634822 Domicilio social: Paseo de la Castellana 257, Torre Sur, 28046 Madrid, Espa\u00f1a Correo electr\u00f3nico: info@shikamarusl.es 2. Uso del sitio web El sitio web [&hellip;]<\/p>\n","protected":false},"author":1,"featured_media":0,"parent":0,"menu_order":0,"comment_status":"closed","ping_status":"closed","template":"","meta":{"footnotes":""},"class_list":["post-186","page","type-page","status-publish","hentry"],"_links":{"self":[{"href":"https:\/\/shikamarusl.es\/es\/wp-json\/wp\/v2\/pages\/186","targetHints":{"allow":["GET"]}}],"collection":[{"href":"https:\/\/shikamarusl.es\/es\/wp-json\/wp\/v2\/pages"}],"about":[{"href":"https:\/\/shikamarusl.es\/es\/wp-json\/wp\/v2\/types\/page"}],"author":[{"embeddable":true,"href":"https:\/\/shikamarusl.es\/es\/wp-json\/wp\/v2\/users\/1"}],"replies":[{"embeddable":true,"href":"https:\/\/shikamarusl.es\/es\/wp-json\/wp\/v2\/comments?post=186"}],"version-history":[{"count":3,"href":"https:\/\/shikamarusl.es\/es\/wp-json\/wp\/v2\/pages\/186\/revisions"}],"predecessor-version":[{"id":193,"href":"https:\/\/shikamarusl.es\/es\/wp-json\/wp\/v2\/pages\/186\/revisions\/193"}],"wp:attachment":[{"href":"https:\/\/shikamarusl.es\/es\/wp-json\/wp\/v2\/media?parent=186"}],"curies":[{"name":"wp","href":"https:\/\/api.w.org\/{rel}","templated":true}]}}